{"id":74,"date":"2024-10-17T03:48:58","date_gmt":"2024-10-17T03:48:58","guid":{"rendered":"https:\/\/corpoeducacion.org.co\/recarga\/?page_id=74"},"modified":"2024-11-28T10:52:07","modified_gmt":"2024-11-28T10:52:07","slug":"actualidad","status":"publish","type":"page","link":"https:\/\/corpoeducacion.org.co\/recarga\/actualidad\/","title":{"rendered":"Actualidad"},"content":{"rendered":"\t\t<div data-elementor-type=\"wp-page\" data-elementor-id=\"74\" class=\"elementor elementor-74\" data-elementor-post-type=\"page\">\n\t\t\t\t<div class=\"elementor-element elementor-element-35644a4 e-flex e-con-boxed e-con e-parent\" data-id=\"35644a4\" data-element_type=\"container\" data-e-type=\"container\" data-settings=\"{&quot;background_background&quot;:&quot;classic&quot;,&quot;jet_parallax_layout_list&quot;:[]}\">\n\t\t\t\t\t<div class=\"e-con-inner\">\n\t\t\t\t<div class=\"elementor-element elementor-element-5f4ea4d elementor-widget elementor-widget-heading\" data-id=\"5f4ea4d\" data-element_type=\"widget\" data-e-type=\"widget\" data-widget_type=\"heading.default\">\n\t\t\t\t<div class=\"elementor-widget-container\">\n\t\t\t\t\t<h2 class=\"elementor-heading-title elementor-size-default\">Actualidad<\/h2>\t\t\t\t<\/div>\n\t\t\t\t<\/div>\n\t\t\t\t<div class=\"elementor-element elementor-element-0f613ec elementor-widget elementor-widget-image\" data-id=\"0f613ec\" data-element_type=\"widget\" data-e-type=\"widget\" data-widget_type=\"image.default\">\n\t\t\t\t<div class=\"elementor-widget-container\">\n\t\t\t\t\t\t\t\t\t\t\t\t\t\t\t<img decoding=\"async\" width=\"319\" height=\"5\" src=\"https:\/\/corpoeducacion.org.co\/recarga\/wp-content\/uploads\/2024\/10\/deco-05-06.svg\" class=\"attachment-large size-large wp-image-28\" alt=\"\" \/>\t\t\t\t\t\t\t\t\t\t\t\t\t\t\t<\/div>\n\t\t\t\t<\/div>\n\t\t\t\t<div class=\"elementor-element elementor-element-d231053 elementor-widget elementor-widget-heading\" data-id=\"d231053\" data-element_type=\"widget\" data-e-type=\"widget\" data-widget_type=\"heading.default\">\n\t\t\t\t<div class=\"elementor-widget-container\">\n\t\t\t\t\t<h4 class=\"elementor-heading-title elementor-size-default\">\u00a1As\u00ed vivimos Recarga: Aprendizajes al 100%!<\/h4>\t\t\t\t<\/div>\n\t\t\t\t<\/div>\n\t\t\t\t<div class=\"elementor-element elementor-element-00ead00 elementor-widget elementor-widget-text-editor\" data-id=\"00ead00\" data-element_type=\"widget\" data-e-type=\"widget\" data-widget_type=\"text-editor.default\">\n\t\t\t\t<div class=\"elementor-widget-container\">\n\t\t\t\t\t\t\t\t\t<p>Durante estos a\u00f1os de implementaci\u00f3n del programa, hemos trabajado con nuestros aliados para recuperar aprendizajes y cerrar brechas educativas. A trav\u00e9s de talleres, entrega de materiales, formaciones grupales y la colaboraci\u00f3n de docentes y directivos, hemos transformado la experiencia educativa de cientos de estudiantes.<\/p>\t\t\t\t\t\t\t\t<\/div>\n\t\t\t\t<\/div>\n\t\t\t\t<div class=\"elementor-element elementor-element-5248716 elementor-widget elementor-widget-video\" data-id=\"5248716\" data-element_type=\"widget\" data-e-type=\"widget\" data-settings=\"{&quot;youtube_url&quot;:&quot;https:\\\/\\\/youtu.be\\\/4KabcOwc-PA&quot;,&quot;video_type&quot;:&quot;youtube&quot;,&quot;controls&quot;:&quot;yes&quot;}\" data-widget_type=\"video.default\">\n\t\t\t\t<div class=\"elementor-widget-container\">\n\t\t\t\t\t\t\t<div class=\"elementor-wrapper elementor-open-inline\">\n\t\t\t<div class=\"elementor-video\"><\/div>\t\t<\/div>\n\t\t\t\t\t\t<\/div>\n\t\t\t\t<\/div>\n\t\t\t\t\t<\/div>\n\t\t\t\t<\/div>\n\t\t<div class=\"elementor-element elementor-element-fd66322 e-flex e-con-boxed e-con e-parent\" data-id=\"fd66322\" data-element_type=\"container\" data-e-type=\"container\" data-settings=\"{&quot;background_background&quot;:&quot;classic&quot;,&quot;jet_parallax_layout_list&quot;:[]}\">\n\t\t\t\t\t<div class=\"e-con-inner\">\n\t\t\t\t<div class=\"elementor-element elementor-element-acf5fe5 elementor-grid-2 elementor-grid-tablet-2 elementor-grid-mobile-1 elementor-widget elementor-widget-loop-grid\" data-id=\"acf5fe5\" data-element_type=\"widget\" data-e-type=\"widget\" data-settings=\"{&quot;template_id&quot;:41,&quot;columns&quot;:2,&quot;_skin&quot;:&quot;post&quot;,&quot;columns_tablet&quot;:&quot;2&quot;,&quot;columns_mobile&quot;:&quot;1&quot;,&quot;edit_handle_selector&quot;:&quot;[data-elementor-type=\\&quot;loop-item\\&quot;]&quot;,&quot;row_gap&quot;:{&quot;unit&quot;:&quot;px&quot;,&quot;size&quot;:&quot;&quot;,&quot;sizes&quot;:[]},&quot;row_gap_tablet&quot;:{&quot;unit&quot;:&quot;px&quot;,&quot;size&quot;:&quot;&quot;,&quot;sizes&quot;:[]},&quot;row_gap_mobile&quot;:{&quot;unit&quot;:&quot;px&quot;,&quot;size&quot;:&quot;&quot;,&quot;sizes&quot;:[]}}\" data-widget_type=\"loop-grid.post\">\n\t\t\t\t<div class=\"elementor-widget-container\">\n\t\t\t\t\t\t\t<div class=\"elementor-loop-container elementor-grid\" role=\"list\">\n\t\t<style id=\"loop-dynamic-41\">.e-loop-item-225 .elementor-element.elementor-element-6a66d99:not(.elementor-motion-effects-element-type-background), .e-loop-item-225 .elementor-element.elementor-element-6a66d99 > .elementor-motion-effects-container > .elementor-motion-effects-layer{background-image:url(\"https:\/\/corpoeducacion.org.co\/recarga\/wp-content\/uploads\/2024\/11\/Captura-de-pantalla-2024-11-28-054548.png\");}<\/style><style id=\"loop-41\">.elementor-41 .elementor-element.elementor-element-47720e9{--display:flex;--flex-direction:row;--container-widget-width:initial;--container-widget-height:100%;--container-widget-flex-grow:1;--container-widget-align-self:stretch;--flex-wrap-mobile:wrap;--gap:0px 0px;--row-gap:0px;--column-gap:0px;}.elementor-41 .elementor-element.elementor-element-add9c6a{--display:flex;--min-height:230px;--flex-direction:row;--container-widget-width:initial;--container-widget-height:100%;--container-widget-flex-grow:1;--container-widget-align-self:stretch;--flex-wrap-mobile:wrap;--gap:0px 0px;--row-gap:0px;--column-gap:0px;--border-radius:25px 25px 25px 25px;--padding-top:0px;--padding-bottom:0px;--padding-left:0px;--padding-right:0px;}.elementor-41 .elementor-element.elementor-element-add9c6a:not(.elementor-motion-effects-element-type-background), .elementor-41 .elementor-element.elementor-element-add9c6a > .elementor-motion-effects-container > .elementor-motion-effects-layer{background-color:#FFFFFF;}.elementor-41 .elementor-element.elementor-element-6a66d99{--display:flex;--flex-direction:column;--container-widget-width:100%;--container-widget-height:initial;--container-widget-flex-grow:0;--container-widget-align-self:initial;--flex-wrap-mobile:wrap;--border-radius:25px 0px 0px 25px;}.elementor-41 .elementor-element.elementor-element-6a66d99:not(.elementor-motion-effects-element-type-background), .elementor-41 .elementor-element.elementor-element-6a66d99 > .elementor-motion-effects-container > .elementor-motion-effects-layer{background-position:center center;background-repeat:no-repeat;background-size:cover;}.elementor-41 .elementor-element.elementor-element-47cbe8d{--display:flex;--flex-direction:column;--container-widget-width:100%;--container-widget-height:initial;--container-widget-flex-grow:0;--container-widget-align-self:initial;--flex-wrap-mobile:wrap;--padding-top:40px;--padding-bottom:40px;--padding-left:40px;--padding-right:40px;}.elementor-41 .elementor-element.elementor-element-47cbe8d.e-con{--align-self:stretch;}.elementor-widget-theme-post-title .elementor-heading-title{font-family:var( --e-global-typography-primary-font-family );font-weight:var( --e-global-typography-primary-font-weight );color:var( --e-global-color-primary );}.elementor-41 .elementor-element.elementor-element-a63c6ed .elementor-heading-title{font-family:\"Made Tommy\";font-size:22px;font-weight:400;color:var( --e-global-color-bb34674 );}.elementor-widget-heading .elementor-heading-title{font-family:var( --e-global-typography-primary-font-family );font-weight:var( --e-global-typography-primary-font-weight );color:var( --e-global-color-primary );}.elementor-41 .elementor-element.elementor-element-26816dd .elementor-heading-title{color:var( --e-global-color-secondary );}body:not(.rtl) .elementor-41 .elementor-element.elementor-element-26816dd{left:40px;}body.rtl .elementor-41 .elementor-element.elementor-element-26816dd{right:40px;}.elementor-41 .elementor-element.elementor-element-26816dd{bottom:40px;}@media(max-width:767px){.elementor-41 .elementor-element.elementor-element-6a66d99{--min-height:230px;--border-radius:25px 25px 0px 25px;}.elementor-41 .elementor-element.elementor-element-47cbe8d{--padding-top:40px;--padding-bottom:80px;--padding-left:40px;--padding-right:40px;}}@media(min-width:768px){.elementor-41 .elementor-element.elementor-element-6a66d99{--width:40%;}.elementor-41 .elementor-element.elementor-element-47cbe8d{--width:60%;}}<\/style>\t\t<div data-elementor-type=\"loop-item\" data-elementor-id=\"41\" class=\"elementor elementor-41 e-loop-item e-loop-item-225 post-225 post type-post status-publish format-standard has-post-thumbnail hentry category-uncategorized\" data-elementor-post-type=\"elementor_library\" data-custom-edit-handle=\"1\">\n\t\t\t<div class=\"elementor-element elementor-element-47720e9 e-flex e-con-boxed e-con e-parent\" data-id=\"47720e9\" data-element_type=\"container\" data-e-type=\"container\" data-settings=\"{&quot;jet_parallax_layout_list&quot;:[]}\">\n\t\t\t\t\t<div class=\"e-con-inner\">\n\t\t<div class=\"elementor-element elementor-element-add9c6a e-con-full e-flex e-con e-child\" data-id=\"add9c6a\" data-element_type=\"container\" data-e-type=\"container\" data-settings=\"{&quot;background_background&quot;:&quot;classic&quot;,&quot;jet_parallax_layout_list&quot;:[]}\">\n\t\t<div class=\"elementor-element elementor-element-6a66d99 e-con-full e-flex e-con e-child\" data-id=\"6a66d99\" data-element_type=\"container\" data-e-type=\"container\" data-settings=\"{&quot;background_background&quot;:&quot;classic&quot;,&quot;jet_parallax_layout_list&quot;:[]}\">\n\t\t\t\t<\/div>\n\t\t<div class=\"elementor-element elementor-element-47cbe8d e-con-full e-flex e-con e-child\" data-id=\"47cbe8d\" data-element_type=\"container\" data-e-type=\"container\" data-settings=\"{&quot;jet_parallax_layout_list&quot;:[]}\">\n\t\t\t\t<div class=\"elementor-element elementor-element-a63c6ed elementor-widget elementor-widget-theme-post-title elementor-page-title elementor-widget-heading\" data-id=\"a63c6ed\" data-element_type=\"widget\" data-e-type=\"widget\" data-widget_type=\"theme-post-title.default\">\n\t\t\t\t<div class=\"elementor-widget-container\">\n\t\t\t\t\t<h3 class=\"elementor-heading-title elementor-size-default\">Orientaci\u00f3n Socio Ocupacional: un componente fundamental en Recarga<\/h3>\t\t\t\t<\/div>\n\t\t\t\t<\/div>\n\t\t\t\t<div class=\"elementor-element elementor-element-26816dd elementor-absolute elementor-widget elementor-widget-heading\" data-id=\"26816dd\" data-element_type=\"widget\" data-e-type=\"widget\" data-settings=\"{&quot;_position&quot;:&quot;absolute&quot;}\" data-widget_type=\"heading.default\">\n\t\t\t\t<div class=\"elementor-widget-container\">\n\t\t\t\t\t<h5 class=\"elementor-heading-title elementor-size-default\"><a href=\"https:\/\/corpoeducacion.org.co\/recarga\/uncategorized\/orientacion-socio-ocupacional-un-componente-fundamental-en-recarga\/\">Ver m\u00e1s<\/a><\/h5>\t\t\t\t<\/div>\n\t\t\t\t<\/div>\n\t\t\t\t<\/div>\n\t\t\t\t<\/div>\n\t\t\t\t\t<\/div>\n\t\t\t\t<\/div>\n\t\t\t\t<\/div>\n\t\t<style id=\"loop-dynamic-41\">.e-loop-item-223 .elementor-element.elementor-element-6a66d99:not(.elementor-motion-effects-element-type-background), .e-loop-item-223 .elementor-element.elementor-element-6a66d99 > .elementor-motion-effects-container > .elementor-motion-effects-layer{background-image:url(\"https:\/\/corpoeducacion.org.co\/recarga\/wp-content\/uploads\/2024\/10\/web-recarga-2.jpg\");}<\/style>\t\t<div data-elementor-type=\"loop-item\" data-elementor-id=\"41\" class=\"elementor elementor-41 e-loop-item e-loop-item-223 post-223 post type-post status-publish format-standard has-post-thumbnail hentry category-uncategorized\" data-elementor-post-type=\"elementor_library\" data-custom-edit-handle=\"1\">\n\t\t\t<div class=\"elementor-element elementor-element-47720e9 e-flex e-con-boxed e-con e-parent\" data-id=\"47720e9\" data-element_type=\"container\" data-e-type=\"container\" data-settings=\"{&quot;jet_parallax_layout_list&quot;:[]}\">\n\t\t\t\t\t<div class=\"e-con-inner\">\n\t\t<div class=\"elementor-element elementor-element-add9c6a e-con-full e-flex e-con e-child\" data-id=\"add9c6a\" data-element_type=\"container\" data-e-type=\"container\" data-settings=\"{&quot;background_background&quot;:&quot;classic&quot;,&quot;jet_parallax_layout_list&quot;:[]}\">\n\t\t<div class=\"elementor-element elementor-element-6a66d99 e-con-full e-flex e-con e-child\" data-id=\"6a66d99\" data-element_type=\"container\" data-e-type=\"container\" data-settings=\"{&quot;background_background&quot;:&quot;classic&quot;,&quot;jet_parallax_layout_list&quot;:[]}\">\n\t\t\t\t<\/div>\n\t\t<div class=\"elementor-element elementor-element-47cbe8d e-con-full e-flex e-con e-child\" data-id=\"47cbe8d\" data-element_type=\"container\" data-e-type=\"container\" data-settings=\"{&quot;jet_parallax_layout_list&quot;:[]}\">\n\t\t\t\t<div class=\"elementor-element elementor-element-a63c6ed elementor-widget elementor-widget-theme-post-title elementor-page-title elementor-widget-heading\" data-id=\"a63c6ed\" data-element_type=\"widget\" data-e-type=\"widget\" data-widget_type=\"theme-post-title.default\">\n\t\t\t\t<div class=\"elementor-widget-container\">\n\t\t\t\t\t<h3 class=\"elementor-heading-title elementor-size-default\">Recarga: Transformando la Recuperaci\u00f3n de Aprendizajes en una Experiencia Significativa<\/h3>\t\t\t\t<\/div>\n\t\t\t\t<\/div>\n\t\t\t\t<div class=\"elementor-element elementor-element-26816dd elementor-absolute elementor-widget elementor-widget-heading\" data-id=\"26816dd\" data-element_type=\"widget\" data-e-type=\"widget\" data-settings=\"{&quot;_position&quot;:&quot;absolute&quot;}\" data-widget_type=\"heading.default\">\n\t\t\t\t<div class=\"elementor-widget-container\">\n\t\t\t\t\t<h5 class=\"elementor-heading-title elementor-size-default\"><a href=\"https:\/\/corpoeducacion.org.co\/recarga\/uncategorized\/recarga-transformando-la-recuperacion-de-aprendizajes-en-una-experiencia-significativa\/\">Ver m\u00e1s<\/a><\/h5>\t\t\t\t<\/div>\n\t\t\t\t<\/div>\n\t\t\t\t<\/div>\n\t\t\t\t<\/div>\n\t\t\t\t\t<\/div>\n\t\t\t\t<\/div>\n\t\t\t\t<\/div>\n\t\t<style id=\"loop-dynamic-41\">.e-loop-item-61 .elementor-element.elementor-element-6a66d99:not(.elementor-motion-effects-element-type-background), .e-loop-item-61 .elementor-element.elementor-element-6a66d99 > .elementor-motion-effects-container > .elementor-motion-effects-layer{background-image:url(\"https:\/\/corpoeducacion.org.co\/recarga\/wp-content\/uploads\/2024\/10\/COLEGIO-BILBAO-PARQUES-DEL-CAMPO-DN-BOSCO-V-1-1024x683-1.jpg\");}<\/style>\t\t<div data-elementor-type=\"loop-item\" data-elementor-id=\"41\" class=\"elementor elementor-41 e-loop-item e-loop-item-61 post-61 post type-post status-publish format-standard has-post-thumbnail hentry category-uncategorized\" data-elementor-post-type=\"elementor_library\" data-custom-edit-handle=\"1\">\n\t\t\t<div class=\"elementor-element elementor-element-47720e9 e-flex e-con-boxed e-con e-parent\" data-id=\"47720e9\" data-element_type=\"container\" data-e-type=\"container\" data-settings=\"{&quot;jet_parallax_layout_list&quot;:[]}\">\n\t\t\t\t\t<div class=\"e-con-inner\">\n\t\t<div class=\"elementor-element elementor-element-add9c6a e-con-full e-flex e-con e-child\" data-id=\"add9c6a\" data-element_type=\"container\" data-e-type=\"container\" data-settings=\"{&quot;background_background&quot;:&quot;classic&quot;,&quot;jet_parallax_layout_list&quot;:[]}\">\n\t\t<div class=\"elementor-element elementor-element-6a66d99 e-con-full e-flex e-con e-child\" data-id=\"6a66d99\" data-element_type=\"container\" data-e-type=\"container\" data-settings=\"{&quot;background_background&quot;:&quot;classic&quot;,&quot;jet_parallax_layout_list&quot;:[]}\">\n\t\t\t\t<\/div>\n\t\t<div class=\"elementor-element elementor-element-47cbe8d e-con-full e-flex e-con e-child\" data-id=\"47cbe8d\" data-element_type=\"container\" data-e-type=\"container\" data-settings=\"{&quot;jet_parallax_layout_list&quot;:[]}\">\n\t\t\t\t<div class=\"elementor-element elementor-element-a63c6ed elementor-widget elementor-widget-theme-post-title elementor-page-title elementor-widget-heading\" data-id=\"a63c6ed\" data-element_type=\"widget\" data-e-type=\"widget\" data-widget_type=\"theme-post-title.default\">\n\t\t\t\t<div class=\"elementor-widget-container\">\n\t\t\t\t\t<h3 class=\"elementor-heading-title elementor-size-default\">Recuperaci\u00f3n de aprendizajes: clave para el futuro de la educaci\u00f3n<\/h3>\t\t\t\t<\/div>\n\t\t\t\t<\/div>\n\t\t\t\t<div class=\"elementor-element elementor-element-26816dd elementor-absolute elementor-widget elementor-widget-heading\" data-id=\"26816dd\" data-element_type=\"widget\" data-e-type=\"widget\" data-settings=\"{&quot;_position&quot;:&quot;absolute&quot;}\" data-widget_type=\"heading.default\">\n\t\t\t\t<div class=\"elementor-widget-container\">\n\t\t\t\t\t<h5 class=\"elementor-heading-title elementor-size-default\"><a href=\"https:\/\/corpoeducacion.org.co\/recarga\/uncategorized\/recuperacion-de-aprendizajes-clave-para-el-futuro-de-la-educacion\/\">Ver m\u00e1s<\/a><\/h5>\t\t\t\t<\/div>\n\t\t\t\t<\/div>\n\t\t\t\t<\/div>\n\t\t\t\t<\/div>\n\t\t\t\t\t<\/div>\n\t\t\t\t<\/div>\n\t\t\t\t<\/div>\n\t\t<style id=\"loop-dynamic-41\">.e-loop-item-58 .elementor-element.elementor-element-6a66d99:not(.elementor-motion-effects-element-type-background), .e-loop-item-58 .elementor-element.elementor-element-6a66d99 > .elementor-motion-effects-container > .elementor-motion-effects-layer{background-image:url(\"https:\/\/corpoeducacion.org.co\/recarga\/wp-content\/uploads\/2024\/10\/RECARGA-2-56-1-scaled.jpg\");}<\/style>\t\t<div data-elementor-type=\"loop-item\" data-elementor-id=\"41\" class=\"elementor elementor-41 e-loop-item e-loop-item-58 post-58 post type-post status-publish format-standard has-post-thumbnail hentry category-uncategorized\" data-elementor-post-type=\"elementor_library\" data-custom-edit-handle=\"1\">\n\t\t\t<div class=\"elementor-element elementor-element-47720e9 e-flex e-con-boxed e-con e-parent\" data-id=\"47720e9\" data-element_type=\"container\" data-e-type=\"container\" data-settings=\"{&quot;jet_parallax_layout_list&quot;:[]}\">\n\t\t\t\t\t<div class=\"e-con-inner\">\n\t\t<div class=\"elementor-element elementor-element-add9c6a e-con-full e-flex e-con e-child\" data-id=\"add9c6a\" data-element_type=\"container\" data-e-type=\"container\" data-settings=\"{&quot;background_background&quot;:&quot;classic&quot;,&quot;jet_parallax_layout_list&quot;:[]}\">\n\t\t<div class=\"elementor-element elementor-element-6a66d99 e-con-full e-flex e-con e-child\" data-id=\"6a66d99\" data-element_type=\"container\" data-e-type=\"container\" data-settings=\"{&quot;background_background&quot;:&quot;classic&quot;,&quot;jet_parallax_layout_list&quot;:[]}\">\n\t\t\t\t<\/div>\n\t\t<div class=\"elementor-element elementor-element-47cbe8d e-con-full e-flex e-con e-child\" data-id=\"47cbe8d\" data-element_type=\"container\" data-e-type=\"container\" data-settings=\"{&quot;jet_parallax_layout_list&quot;:[]}\">\n\t\t\t\t<div class=\"elementor-element elementor-element-a63c6ed elementor-widget elementor-widget-theme-post-title elementor-page-title elementor-widget-heading\" data-id=\"a63c6ed\" data-element_type=\"widget\" data-e-type=\"widget\" data-widget_type=\"theme-post-title.default\">\n\t\t\t\t<div class=\"elementor-widget-container\">\n\t\t\t\t\t<h3 class=\"elementor-heading-title elementor-size-default\">Recarga: Aprendizajes al 100%<\/h3>\t\t\t\t<\/div>\n\t\t\t\t<\/div>\n\t\t\t\t<div class=\"elementor-element elementor-element-26816dd elementor-absolute elementor-widget elementor-widget-heading\" data-id=\"26816dd\" data-element_type=\"widget\" data-e-type=\"widget\" data-settings=\"{&quot;_position&quot;:&quot;absolute&quot;}\" data-widget_type=\"heading.default\">\n\t\t\t\t<div class=\"elementor-widget-container\">\n\t\t\t\t\t<h5 class=\"elementor-heading-title elementor-size-default\"><a href=\"https:\/\/corpoeducacion.org.co\/recarga\/uncategorized\/recarga-aprendizajes-al-100\/\">Ver m\u00e1s<\/a><\/h5>\t\t\t\t<\/div>\n\t\t\t\t<\/div>\n\t\t\t\t<\/div>\n\t\t\t\t<\/div>\n\t\t\t\t\t<\/div>\n\t\t\t\t<\/div>\n\t\t\t\t<\/div>\n\t\t\t\t<\/div>\n\t\t\n\t\t\t\t\t\t<\/div>\n\t\t\t\t<\/div>\n\t\t\t\t\t<\/div>\n\t\t\t\t<\/div>\n\t\t\t\t<\/div>\n\t\t","protected":false},"excerpt":{"rendered":"<p>Actualidad \u00a1As\u00ed vivimos Recarga: Aprendizajes al 100%! Durante estos a\u00f1os de implementaci\u00f3n del programa, hemos trabajado con nuestros aliados para recuperar aprendizajes y cerrar brechas educativas. A trav\u00e9s de talleres, entrega de materiales, formaciones grupales y la colaboraci\u00f3n de docentes y directivos, hemos transformado la experiencia educativa de cientos de estudiantes. https:\/\/youtu.be\/4KabcOwc-PA<\/p>\n","protected":false},"author":1,"featured_media":0,"parent":0,"menu_order":0,"comment_status":"closed","ping_status":"closed","template":"","meta":{"_monsterinsights_skip_tracking":false,"_monsterinsights_sitenote_active":false,"_monsterinsights_sitenote_note":"","_monsterinsights_sitenote_category":0,"_uf_show_specific_survey":0,"_uf_disable_surveys":false,"footnotes":""},"class_list":["post-74","page","type-page","status-publish","hentry"],"aioseo_notices":[],"_links":{"self":[{"href":"https:\/\/corpoeducacion.org.co\/recarga\/wp-json\/wp\/v2\/pages\/74","targetHints":{"allow":["GET"]}}],"collection":[{"href":"https:\/\/corpoeducacion.org.co\/recarga\/wp-json\/wp\/v2\/pages"}],"about":[{"href":"https:\/\/corpoeducacion.org.co\/recarga\/wp-json\/wp\/v2\/types\/page"}],"author":[{"embeddable":true,"href":"https:\/\/corpoeducacion.org.co\/recarga\/wp-json\/wp\/v2\/users\/1"}],"replies":[{"embeddable":true,"href":"https:\/\/corpoeducacion.org.co\/recarga\/wp-json\/wp\/v2\/comments?post=74"}],"version-history":[{"count":10,"href":"https:\/\/corpoeducacion.org.co\/recarga\/wp-json\/wp\/v2\/pages\/74\/revisions"}],"predecessor-version":[{"id":236,"href":"https:\/\/corpoeducacion.org.co\/recarga\/wp-json\/wp\/v2\/pages\/74\/revisions\/236"}],"wp:attachment":[{"href":"https:\/\/corpoeducacion.org.co\/recarga\/wp-json\/wp\/v2\/media?parent=74"}],"curies":[{"name":"wp","href":"https:\/\/api.w.org\/{rel}","templated":true}]}}